{"id":5364,"date":"2026-01-24T14:22:15","date_gmt":"2026-01-24T13:22:15","guid":{"rendered":"http:\/\/chroniquesdanjoutinoises.fr\/WordPress3\/?page_id=5364"},"modified":"2026-01-28T07:58:30","modified_gmt":"2026-01-28T06:58:30","slug":"projet-2025-2026","status":"publish","type":"page","link":"https:\/\/chroniquesdanjoutinoises.fr\/WordPress3\/","title":{"rendered":"Art et handicap, regards crois\u00e9s sur le monde&#8230;"},"content":{"rendered":"\n<figure class=\"wp-block-image size-full\"><img loading=\"lazy\" decoding=\"async\" width=\"2187\" height=\"2560\" data-attachment-id=\"5385\" data-permalink=\"https:\/\/chroniquesdanjoutinoises.fr\/WordPress3\/?attachment_id=5385\" data-orig-file=\"https:\/\/chroniquesdanjoutinoises.fr\/WordPress3\/wp-content\/uploads\/2026\/01\/4-2-1-scaled.jpg\" data-orig-size=\"2187,2560\" data-comments-opened=\"1\" data-image-meta=\"{&quot;aperture&quot;:&quot;11&quot;,&quot;credit&quot;:&quot;&quot;,&quot;camera&quot;:&quot;Canon EOS 700D&quot;,&quot;caption&quot;:&quot;&quot;,&quot;created_timestamp&quot;:&quot;1768320020&quot;,&quot;copyright&quot;:&quot;&quot;,&quot;focal_length&quot;:&quot;17&quot;,&quot;iso&quot;:&quot;5000&quot;,&quot;shutter_speed&quot;:&quot;0.033333333333333&quot;,&quot;title&quot;:&quot;&quot;,&quot;orientation&quot;:&quot;1&quot;}\" data-image-title=\"4 (2)\" data-image-description=\"\" data-image-caption=\"\" data-large-file=\"https:\/\/chroniquesdanjoutinoises.fr\/WordPress3\/wp-content\/uploads\/2026\/01\/4-2-1-1200x1404.jpg\" src=\"https:\/\/chroniquesdanjoutinoises.fr\/WordPress3\/wp-content\/uploads\/2026\/01\/4-2-1-scaled.jpg\" alt=\"\" class=\"wp-image-5385\" srcset=\"https:\/\/chroniquesdanjoutinoises.fr\/WordPress3\/wp-content\/uploads\/2026\/01\/4-2-1-scaled.jpg 2187w, https:\/\/chroniquesdanjoutinoises.fr\/WordPress3\/wp-content\/uploads\/2026\/01\/4-2-1-744x871.jpg 744w, https:\/\/chroniquesdanjoutinoises.fr\/WordPress3\/wp-content\/uploads\/2026\/01\/4-2-1-1200x1404.jpg 1200w, https:\/\/chroniquesdanjoutinoises.fr\/WordPress3\/wp-content\/uploads\/2026\/01\/4-2-1-420x492.jpg 420w, https:\/\/chroniquesdanjoutinoises.fr\/WordPress3\/wp-content\/uploads\/2026\/01\/4-2-1-768x899.jpg 768w, https:\/\/chroniquesdanjoutinoises.fr\/WordPress3\/wp-content\/uploads\/2026\/01\/4-2-1-1312x1536.jpg 1312w, https:\/\/chroniquesdanjoutinoises.fr\/WordPress3\/wp-content\/uploads\/2026\/01\/4-2-1-1750x2048.jpg 1750w\" sizes=\"auto, (max-width: 2187px) 100vw, 2187px\" \/><\/figure>\n","protected":false},"excerpt":{"rendered":"","protected":false},"author":1,"featured_media":0,"parent":0,"menu_order":0,"comment_status":"closed","ping_status":"closed","template":"","meta":{"jetpack_post_was_ever_published":false,"footnotes":""},"coauthors":[60],"class_list":["post-5364","page","type-page","status-publish","hentry","comments-off"],"jetpack_sharing_enabled":true,"jetpack_shortlink":"https:\/\/wp.me\/P5nyO7-1ow","jetpack-related-posts":[{"id":704,"url":"https:\/\/chroniquesdanjoutinoises.fr\/WordPress3\/?page_id=704","url_meta":{"origin":5364,"position":0},"title":"Pr\u00e9sentations","author":"admin","date":"31\/01\/2015","format":false,"excerpt":"Chroniques Danjoutinoises, petits instants de vie immortalis\u00e9s, r\u00e9flexion sur un th\u00e8me en vogue: le mort-vivant, le non-mort, le \"walking dead\". Ce blog pr\u00e9sente les t\u00e9moignages, les histoires, les images, les r\u00e9flexions de jeunes esprits sur ces situations qui font de nous des \u00eatres sans personnalit\u00e9, sans conscience, des \"morts-vivants\"... Ou\u2026","rel":"","context":"Avec 3 commentaires","block_context":{"text":"Avec 3 commentaires","link":"https:\/\/chroniquesdanjoutinoises.fr\/WordPress3\/?page_id=704#comments"},"img":{"alt_text":"","src":"https:\/\/i0.wp.com\/chroniquesdanjoutinoises.fr\/WordPress3\/wp-content\/uploads\/2015\/01\/MESCHKAT-150x150.jpg?resize=350%2C200&ssl=1","width":350,"height":200,"srcset":"https:\/\/i0.wp.com\/chroniquesdanjoutinoises.fr\/WordPress3\/wp-content\/uploads\/2015\/01\/MESCHKAT-150x150.jpg?resize=350%2C200&ssl=1 1x, https:\/\/i0.wp.com\/chroniquesdanjoutinoises.fr\/WordPress3\/wp-content\/uploads\/2015\/01\/MESCHKAT-150x150.jpg?resize=525%2C300&ssl=1 1.5x, https:\/\/i0.wp.com\/chroniquesdanjoutinoises.fr\/WordPress3\/wp-content\/uploads\/2015\/01\/MESCHKAT-150x150.jpg?resize=700%2C400&ssl=1 2x, https:\/\/i0.wp.com\/chroniquesdanjoutinoises.fr\/WordPress3\/wp-content\/uploads\/2015\/01\/MESCHKAT-150x150.jpg?resize=1050%2C600&ssl=1 3x, https:\/\/i0.wp.com\/chroniquesdanjoutinoises.fr\/WordPress3\/wp-content\/uploads\/2015\/01\/MESCHKAT-150x150.jpg?resize=1400%2C800&ssl=1 4x"},"classes":[]},{"id":4492,"url":"https:\/\/chroniquesdanjoutinoises.fr\/WordPress3\/?page_id=4492","url_meta":{"origin":5364,"position":1},"title":"Danjoutin&#8230;","author":"admin","date":"09\/05\/2019","format":false,"excerpt":"\u00d4 vent m\u00eal\u00e9 de pollution qui embrume Danjoutin Pourtant observant le ciel il me m\u00e8ne loin tr\u00e8s loin \u00d4 bruit incessamment nous parle Pourtant mes pens\u00e9es s\u2019emm\u00ealent \u00a0 Mais par mon envie de rester Mes pens\u00e9es en sont \u00e9clair\u00e9es Maintenant, pour de bon c'est d\u00e9cid\u00e9 Pour des vacances je dois\u2026","rel":"","context":"Article similaire","block_context":{"text":"Article similaire","link":""},"img":{"alt_text":"","src":"","width":0,"height":0},"classes":[]},{"id":695,"url":"https:\/\/chroniquesdanjoutinoises.fr\/WordPress3\/?page_id=695","url_meta":{"origin":5364,"position":2},"title":"page d&rsquo;accueil","author":"admin2","date":"31\/01\/2015","format":false,"excerpt":"\u00a0\u00a0\u00a0 \u00a0\u00a0\u00a0 \u00a0\u00a0 \u00a0","rel":"","context":"Article similaire","block_context":{"text":"Article similaire","link":""},"img":{"alt_text":"MESCHKAT","src":"https:\/\/i0.wp.com\/chroniquesdanjoutinoises.fr\/WordPress3\/wp-content\/uploads\/2015\/01\/MESCHKAT-223x300.jpg?resize=350%2C200","width":350,"height":200},"classes":[]},{"id":2566,"url":"https:\/\/chroniquesdanjoutinoises.fr\/WordPress3\/?page_id=2566","url_meta":{"origin":5364,"position":3},"title":"Pr\u00e9sentation","author":"admin","date":"20\/06\/2017","format":false,"excerpt":"Les r\u00e9alisations \u00a0 diverses et vari\u00e9es \u00a0 de jeunes esprits \u00e9clair\u00e9s !","rel":"","context":"Article similaire","block_context":{"text":"Article similaire","link":""},"img":{"alt_text":"","src":"https:\/\/i0.wp.com\/chroniquesdanjoutinoises.fr\/WordPress3\/wp-content\/uploads\/2015\/08\/cropped-jardin-de-danjoutin-CMJN-140cm-par-206cm-copie1-300x300.jpg?resize=350%2C200","width":350,"height":200},"classes":[]}],"jetpack_likes_enabled":true,"_links":{"self":[{"href":"https:\/\/chroniquesdanjoutinoises.fr\/WordPress3\/index.php?rest_route=\/wp\/v2\/pages\/5364","targetHints":{"allow":["GET"]}}],"collection":[{"href":"https:\/\/chroniquesdanjoutinoises.fr\/WordPress3\/index.php?rest_route=\/wp\/v2\/pages"}],"about":[{"href":"https:\/\/chroniquesdanjoutinoises.fr\/WordPress3\/index.php?rest_route=\/wp\/v2\/types\/page"}],"author":[{"embeddable":true,"href":"https:\/\/chroniquesdanjoutinoises.fr\/WordPress3\/index.php?rest_route=\/wp\/v2\/users\/1"}],"replies":[{"embeddable":true,"href":"https:\/\/chroniquesdanjoutinoises.fr\/WordPress3\/index.php?rest_route=%2Fwp%2Fv2%2Fcomments&post=5364"}],"version-history":[{"count":6,"href":"https:\/\/chroniquesdanjoutinoises.fr\/WordPress3\/index.php?rest_route=\/wp\/v2\/pages\/5364\/revisions"}],"predecessor-version":[{"id":5386,"href":"https:\/\/chroniquesdanjoutinoises.fr\/WordPress3\/index.php?rest_route=\/wp\/v2\/pages\/5364\/revisions\/5386"}],"wp:attachment":[{"href":"https:\/\/chroniquesdanjoutinoises.fr\/WordPress3\/index.php?rest_route=%2Fwp%2Fv2%2Fmedia&parent=5364"}],"wp:term":[{"taxonomy":"author","embeddable":true,"href":"https:\/\/chroniquesdanjoutinoises.fr\/WordPress3\/index.php?rest_route=%2Fwp%2Fv2%2Fcoauthors&post=5364"}],"curies":[{"name":"wp","href":"https:\/\/api.w.org\/{rel}","templated":true}]}}